{"id":8043,"date":"2024-05-31T12:03:48","date_gmt":"2024-05-31T22:03:48","guid":{"rendered":"https:\/\/maternelle.education.pf\/?page_id=8043"},"modified":"2024-06-09T20:23:25","modified_gmt":"2024-06-10T06:23:25","slug":"flyer-maternelle","status":"publish","type":"page","link":"https:\/\/maternelle.education.pf\/index.php\/circonscription-maternelle\/flyer-maternelle\/","title":{"rendered":"Flyer maternelle"},"content":{"rendered":"<h3 style=\"text-align: center;\">Le flyer \u00ab\u00a0Pour une rentr\u00e9e r\u00e9ussie \u00e0 la maternelle\u00a0\u00bb<a href=\"https:\/\/maternelle.education.pf\/wp-content\/uploads\/2024\/05\/FRANCAIS.pdf\" target=\"_blank\" rel=\"noopener\"><img loading=\"lazy\" decoding=\"async\" class=\" wp-image-8044 aligncenter\" src=\"https:\/\/maternelle.education.pf\/wp-content\/uploads\/2024\/05\/43b2ce5d-36d7-472b-8ee8-ab3bfe575d24-183x300.png\" alt=\"\" width=\"247\" height=\"405\" srcset=\"https:\/\/maternelle.education.pf\/wp-content\/uploads\/2024\/05\/43b2ce5d-36d7-472b-8ee8-ab3bfe575d24-183x300.png 183w, https:\/\/maternelle.education.pf\/wp-content\/uploads\/2024\/05\/43b2ce5d-36d7-472b-8ee8-ab3bfe575d24.png 307w\" sizes=\"auto, (max-width: 247px) 100vw, 247px\" \/><\/a><\/h3>\n<p style=\"text-align: center;\"><a href=\"https:\/\/maternelle.education.pf\/wp-content\/uploads\/2024\/05\/FRANCAIS.pdf\" target=\"_blank\" rel=\"noopener\">FRAN\u00c7AIS<\/a> &#8211; <a href=\"https:\/\/maternelle.education.pf\/wp-content\/uploads\/2024\/05\/TAHITIEN.pdf\" target=\"_blank\" rel=\"noopener\">TAHITIEN<\/a> &#8211; <a href=\"https:\/\/maternelle.education.pf\/wp-content\/uploads\/2024\/05\/MANGAREVIEN-1.pdf\" target=\"_blank\" rel=\"noopener\">MANGAR\u00c9VIEN<\/a> &#8211; <a href=\"https:\/\/maternelle.education.pf\/wp-content\/uploads\/2024\/05\/PAUMOTU.pdf\" target=\"_blank\" rel=\"noopener\">PAUMOTU <\/a>&#8211; MARQUISIEN (<a href=\"https:\/\/maternelle.education.pf\/wp-content\/uploads\/2024\/05\/NUKU-HIVA-UA-HUNA.pdf\" target=\"_blank\" rel=\"noopener\">NUKU HIVA &#8211; UA HUNA<\/a> \/ <a href=\"https:\/\/maternelle.education.pf\/wp-content\/uploads\/2024\/05\/UA-POU.pdf\" target=\"_blank\" rel=\"noopener\">UA POU<\/a> \/ <a href=\"https:\/\/maternelle.education.pf\/wp-content\/uploads\/2024\/05\/HIVA-OA-TAHUATA-FATUIVA.pdf\" target=\"_blank\" rel=\"noopener\">HIVA OA \u2013 TAHUATA \u2013 FATUIVA<\/a>)<\/p>\n<p style=\"font-weight: 400; text-align: center;\"><strong>Remerciements<\/strong><\/p>\n<p style=\"font-weight: 400;\"><strong>Le minist\u00e8re de l\u2019\u00c9ducation et de l\u2019Enseignement sup\u00e9rieur (MEE)<\/strong><\/p>\n<p style=\"font-weight: 400;\"><strong>La DGEE<\/strong><\/p>\n<p style=\"font-weight: 400;\">Fatiha INZA, IEN en charge de la mission Maternelle<\/p>\n<p style=\"font-weight: 400;\"><strong>Les membres du GT Maternelle ayant contribu\u00e9 \u00e0 l\u2019\u00e9laboration du flyer<\/strong><\/p>\n<ul>\n<li style=\"font-weight: 400;\">Temahea LITCHLE<\/li>\n<li style=\"font-weight: 400;\">Heitaina REY<\/li>\n<li style=\"font-weight: 400;\">Manuarii DOOM<\/li>\n<li style=\"font-weight: 400;\">Heimata LEMAIRE<\/li>\n<li style=\"font-weight: 400;\">C\u00e9cile LENOIR<\/li>\n<li style=\"font-weight: 400;\">Eva JANNON<\/li>\n<li style=\"font-weight: 400;\">Leila FAAHU<\/li>\n<\/ul>\n<p><strong>Les psychologues de l&rsquo;\u00e9ducation nationale :\u00a0<\/strong><\/p>\n<ul>\n<li style=\"font-weight: 400;\">Mmes DANIEL H\u00e9l\u00e8ne et DERBAL Fatima, psychologues de l\u2019\u00e9ducation nationale des Tuamotu-Gambier<\/li>\n<\/ul>\n<p style=\"font-weight: 400;\"><strong>La Direction de la Sant\u00e9<\/strong><\/p>\n<ul>\n<li style=\"font-weight: 400;\">Centre de la M\u00e8re et de l\u2019Enfant (CME) \u2013 CSS<\/li>\n<li>Odile DUPIN DE BEYSSAT<\/li>\n<li>Sandrine PENI ATENI, orthophoniste<\/li>\n<\/ul>\n<p style=\"font-weight: 400;\"><strong>L\u2019\u00e9quipe du PAPN<\/strong><\/p>\n<p style=\"font-weight: 400;\"><strong>L\u2019\u00e9quipe du BPEM<\/strong><strong>\u00a0<\/strong><\/p>\n<p style=\"font-weight: 400;\"><strong>Les \u00e9l\u00e8ves de l\u2019\u00e9cole de Takaroa et l\u2019\u00e9quipe p\u00e9dagogique (photo)<\/strong><\/p>\n<p><strong>Pour la traduction du flyer :<\/strong><\/p>\n<ul>\n<li style=\"font-weight: 400;\">Aim\u00e9e PAEAMARA, pour la traduction en langue mangar\u00e9vienne<\/li>\n<li style=\"font-weight: 400;\">Maeva PURAGA et Virginie BOURVEN, pour la traduction en reo pa\u2019umotu<\/li>\n<li style=\"font-weight: 400;\">Hinanui TEATAOTERANI et Erieta NOBLET, pour la traduction en reo tahiti<\/li>\n<li>La circonscription des Marquises, pour les traductions en marquisien<\/li>\n<li>Le p\u00f4le LLCP pour la relecture<\/li>\n<\/ul>\n<p style=\"font-weight: 400;\"><strong><u>Montage, prise d\u2019images\u00a0et son\u00a0<\/u>: <\/strong>Tauhiti TAMU, Conseill\u00e8re p\u00e9dagogique de la circonscription n\u00b06 des Tuamotu-Gambier<\/p>\n","protected":false},"excerpt":{"rendered":"<p>Le flyer \u00ab\u00a0Pour une rentr\u00e9e r\u00e9ussie \u00e0 la maternelle\u00a0\u00bb FRAN\u00c7AIS &#8211; TAHITIEN &#8211; MANGAR\u00c9VIEN &#8211; PAUMOTU &#8211; MARQUISIEN (NUKU HIVA &#8211; UA HUNA \/ UA POU \/ HIVA OA \u2013 TAHUATA \u2013 FATUIVA) Remerciements Le minist\u00e8re de l\u2019\u00c9ducation et de l\u2019Enseignement sup\u00e9rieur (MEE) La DGEE Fatiha INZA, IEN en charge de la mission Maternelle Les membres du GT Maternelle ayant contribu\u00e9 \u00e0 l\u2019\u00e9laboration du flyer Temahea LITCHLE Heitaina REY Manuarii&#8230;<\/p>\n","protected":false},"author":38,"featured_media":8044,"parent":7389,"menu_order":0,"comment_status":"closed","ping_status":"closed","template":"","meta":{"_acf_changed":false,"footnotes":""},"class_list":["post-8043","page","type-page","status-publish","has-post-thumbnail","hentry"],"acf":[],"_links":{"self":[{"href":"https:\/\/maternelle.education.pf\/index.php\/wp-json\/wp\/v2\/pages\/8043","targetHints":{"allow":["GET"]}}],"collection":[{"href":"https:\/\/maternelle.education.pf\/index.php\/wp-json\/wp\/v2\/pages"}],"about":[{"href":"https:\/\/maternelle.education.pf\/index.php\/wp-json\/wp\/v2\/types\/page"}],"author":[{"embeddable":true,"href":"https:\/\/maternelle.education.pf\/index.php\/wp-json\/wp\/v2\/users\/38"}],"replies":[{"embeddable":true,"href":"https:\/\/maternelle.education.pf\/index.php\/wp-json\/wp\/v2\/comments?post=8043"}],"version-history":[{"count":24,"href":"https:\/\/maternelle.education.pf\/index.php\/wp-json\/wp\/v2\/pages\/8043\/revisions"}],"predecessor-version":[{"id":8079,"href":"https:\/\/maternelle.education.pf\/index.php\/wp-json\/wp\/v2\/pages\/8043\/revisions\/8079"}],"up":[{"embeddable":true,"href":"https:\/\/maternelle.education.pf\/index.php\/wp-json\/wp\/v2\/pages\/7389"}],"wp:featuredmedia":[{"embeddable":true,"href":"https:\/\/maternelle.education.pf\/index.php\/wp-json\/wp\/v2\/media\/8044"}],"wp:attachment":[{"href":"https:\/\/maternelle.education.pf\/index.php\/wp-json\/wp\/v2\/media?parent=8043"}],"curies":[{"name":"wp","href":"https:\/\/api.w.org\/{rel}","templated":true}]}}