{"id":7977,"date":"2024-01-22T22:32:08","date_gmt":"2024-01-23T08:32:08","guid":{"rendered":"https:\/\/maternelle.education.pf\/?page_id=7977"},"modified":"2024-01-22T22:32:08","modified_gmt":"2024-01-23T08:32:08","slug":"les-guides","status":"publish","type":"page","link":"https:\/\/maternelle.education.pf\/index.php\/les-guides\/","title":{"rendered":"Les guides"},"content":{"rendered":"<p><a href=\"https:\/\/maternelle.education.pf\/wp-content\/uploads\/2024\/01\/Guide_phonologie_1172414.pdf\"><img loading=\"lazy\" decoding=\"async\" class=\"wp-image-7973 alignleft\" src=\"https:\/\/maternelle.education.pf\/wp-content\/uploads\/2024\/01\/Capture-decran-2024-01-22-a-22.13.38-213x300.png\" alt=\"\" width=\"110\" height=\"155\" srcset=\"https:\/\/maternelle.education.pf\/wp-content\/uploads\/2024\/01\/Capture-decran-2024-01-22-a-22.13.38-213x300.png 213w, https:\/\/maternelle.education.pf\/wp-content\/uploads\/2024\/01\/Capture-decran-2024-01-22-a-22.13.38-727x1024.png 727w, https:\/\/maternelle.education.pf\/wp-content\/uploads\/2024\/01\/Capture-decran-2024-01-22-a-22.13.38-768x1082.png 768w, https:\/\/maternelle.education.pf\/wp-content\/uploads\/2024\/01\/Capture-decran-2024-01-22-a-22.13.38-1091x1536.png 1091w, https:\/\/maternelle.education.pf\/wp-content\/uploads\/2024\/01\/Capture-decran-2024-01-22-a-22.13.38.png 1156w\" sizes=\"auto, (max-width: 110px) 100vw, 110px\" \/>Guide \u00ab\u00a0Pour pr\u00e9parer l&rsquo;apprentissage de la lecture et de l&rsquo;\u00e9criture \u00e0 l&rsquo;\u00e9cole maternelle\u00a0\u00bb<\/a><\/p>\n<p>&nbsp;<\/p>\n<p>&nbsp;<\/p>\n<p>&nbsp;<\/p>\n<p>&nbsp;<\/p>\n<p><a href=\"https:\/\/maternelle.education.pf\/wp-content\/uploads\/2024\/01\/Les_mots_de_la_maternelle_1171637.pdf\" target=\"_blank\" rel=\"noopener\"><img loading=\"lazy\" decoding=\"async\" class=\"wp-image-7974 alignleft\" src=\"https:\/\/maternelle.education.pf\/wp-content\/uploads\/2024\/01\/Capture-decran-2024-01-22-a-22.13.50-215x300.png\" alt=\"\" width=\"113\" height=\"158\" srcset=\"https:\/\/maternelle.education.pf\/wp-content\/uploads\/2024\/01\/Capture-decran-2024-01-22-a-22.13.50-215x300.png 215w, https:\/\/maternelle.education.pf\/wp-content\/uploads\/2024\/01\/Capture-decran-2024-01-22-a-22.13.50-733x1024.png 733w, https:\/\/maternelle.education.pf\/wp-content\/uploads\/2024\/01\/Capture-decran-2024-01-22-a-22.13.50-768x1074.png 768w, https:\/\/maternelle.education.pf\/wp-content\/uploads\/2024\/01\/Capture-decran-2024-01-22-a-22.13.50.png 774w\" sizes=\"auto, (max-width: 113px) 100vw, 113px\" \/>Guide \u00ab\u00a0Pour enseigner le vocabulaire \u00e0 l&rsquo;\u00e9cole maternelle\u00a0\u00bb<\/a><\/p>\n<p>&nbsp;<\/p>\n<p>&nbsp;<\/p>\n<p>&nbsp;<\/p>\n<p>&nbsp;<\/p>\n<p><a href=\"https:\/\/maternelle.education.pf\/wp-content\/uploads\/2024\/01\/guide_nombres_maternelle_2023_web.pdf\" target=\"_blank\" rel=\"noopener\"><img loading=\"lazy\" decoding=\"async\" class=\"wp-image-7975 alignleft\" src=\"https:\/\/maternelle.education.pf\/wp-content\/uploads\/2024\/01\/Capture-decran-2024-01-22-a-22.14.15-215x300.png\" alt=\"\" width=\"113\" height=\"158\" srcset=\"https:\/\/maternelle.education.pf\/wp-content\/uploads\/2024\/01\/Capture-decran-2024-01-22-a-22.14.15-215x300.png 215w, https:\/\/maternelle.education.pf\/wp-content\/uploads\/2024\/01\/Capture-decran-2024-01-22-a-22.14.15-734x1024.png 734w, https:\/\/maternelle.education.pf\/wp-content\/uploads\/2024\/01\/Capture-decran-2024-01-22-a-22.14.15-768x1072.png 768w, https:\/\/maternelle.education.pf\/wp-content\/uploads\/2024\/01\/Capture-decran-2024-01-22-a-22.14.15.png 1036w\" sizes=\"auto, (max-width: 113px) 100vw, 113px\" \/>Guide \u00ab\u00a0La construction du nombre \u00e0 l&rsquo;\u00e9cole maternelle\u00a0\u00bb<\/a><\/p>\n","protected":false},"excerpt":{"rendered":"<p>Guide \u00ab\u00a0Pour pr\u00e9parer l&rsquo;apprentissage de la lecture et de l&rsquo;\u00e9criture \u00e0 l&rsquo;\u00e9cole maternelle\u00a0\u00bb &nbsp; &nbsp; &nbsp; &nbsp; Guide \u00ab\u00a0Pour enseigner le vocabulaire \u00e0 l&rsquo;\u00e9cole maternelle\u00a0\u00bb &nbsp; &nbsp; &nbsp; &nbsp; Guide \u00ab\u00a0La construction du nombre \u00e0 l&rsquo;\u00e9cole maternelle\u00a0\u00bb<\/p>\n","protected":false},"author":38,"featured_media":0,"parent":0,"menu_order":0,"comment_status":"closed","ping_status":"closed","template":"","meta":{"_acf_changed":false,"footnotes":""},"class_list":["post-7977","page","type-page","status-publish","hentry"],"acf":[],"_links":{"self":[{"href":"https:\/\/maternelle.education.pf\/index.php\/wp-json\/wp\/v2\/pages\/7977","targetHints":{"allow":["GET"]}}],"collection":[{"href":"https:\/\/maternelle.education.pf\/index.php\/wp-json\/wp\/v2\/pages"}],"about":[{"href":"https:\/\/maternelle.education.pf\/index.php\/wp-json\/wp\/v2\/types\/page"}],"author":[{"embeddable":true,"href":"https:\/\/maternelle.education.pf\/index.php\/wp-json\/wp\/v2\/users\/38"}],"replies":[{"embeddable":true,"href":"https:\/\/maternelle.education.pf\/index.php\/wp-json\/wp\/v2\/comments?post=7977"}],"version-history":[{"count":1,"href":"https:\/\/maternelle.education.pf\/index.php\/wp-json\/wp\/v2\/pages\/7977\/revisions"}],"predecessor-version":[{"id":7978,"href":"https:\/\/maternelle.education.pf\/index.php\/wp-json\/wp\/v2\/pages\/7977\/revisions\/7978"}],"wp:attachment":[{"href":"https:\/\/maternelle.education.pf\/index.php\/wp-json\/wp\/v2\/media?parent=7977"}],"curies":[{"name":"wp","href":"https:\/\/api.w.org\/{rel}","templated":true}]}}