{"id":7611,"date":"2020-09-04T08:20:23","date_gmt":"2020-09-04T18:20:23","guid":{"rendered":"https:\/\/maternelle.education.pf\/?page_id=7611"},"modified":"2021-08-24T09:54:23","modified_gmt":"2021-08-24T19:54:23","slug":"documents-pour-les-classes-de-stp","status":"publish","type":"page","link":"https:\/\/maternelle.education.pf\/index.php\/documents-pour-les-classes-de-stp\/","title":{"rendered":"Documents pour les classes de STP"},"content":{"rendered":"<p>&nbsp;<\/p>\n<ul>\n<li><strong>[ajouterweblink url=\u00a0\u00bbhttps:\/\/maternelle.education.pf\/wp-content\/uploads\/2020\/09\/Guide-pour-projet-pedagogique-STP-.pdf\u00a0\u00bb name=\u00a0\u00bbGuide pour projet pedagogique STP\u00a0\u00bb nameid=\u00a0\u00bbGuide pour projet pedagogique STP602&Prime;]<\/strong><\/li>\n<li><strong>[ajouterweblink url=\u00a0\u00bbhttps:\/\/maternelle.education.pf\/wp-content\/uploads\/2020\/09\/guide-territorial-mission-maternelle.pdf\u00a0\u00bb name=\u00a0\u00bbGuide territorial mission maternelle\u00a0\u00bb nameid=\u00a0\u00bbGuide territorial mission maternelle9&Prime;]<\/strong><\/li>\n<li><strong>[ajouterweblink url=\u00a0\u00bbhttps:\/\/maternelle.education.pf\/wp-content\/uploads\/2020\/09\/Pour-directeurs-document-accompagnement-scolarisation-moins-trois-ans-reussie.pdf\u00a0\u00bb name=\u00a0\u00bbPour directeurs document accompagnement scolarisation moins trois ans reussie\u00a0\u00bb nameid=\u00a0\u00bbPour directeurs document accompagnement scolarisation moins trois ans reussie334&Prime;]<\/strong><\/li>\n<li><strong>[ajouterweblink url=\u00a0\u00bbhttps:\/\/maternelle.education.pf\/wp-content\/uploads\/2021\/08\/LIVRET-info-parents.pdf\u00a0\u00bb name=\u00a0\u00bbLIVRET-info-parents\u00a0\u00bb nameid=\u00a0\u00bbLIVRET-info-parents584&Prime;]<\/strong><\/li>\n<li><strong>[ajouterweblink url=\u00a0\u00bbhttps:\/\/maternelle.education.pf\/wp-content\/uploads\/2021\/08\/Guide-securite-amenagement-des-classes.pdf\u00a0\u00bb name=\u00a0\u00bble guide s\u00e9curit\u00e9 pour l&rsquo;am\u00e9nagement des classes de STP et SP\u00a0\u00bb nameid=\u00a0\u00bble guide s\u00e9curit\u00e9 pour l&rsquo;am\u00e9nagement des classes de STP et SP526&Prime;]<\/strong><\/li>\n<\/ul>\n<p>&nbsp;<\/p>\n<p>&nbsp;<\/p>\n","protected":false},"excerpt":{"rendered":"<p>&nbsp; [ajouterweblink url=\u00a0\u00bbhttps:\/\/maternelle.education.pf\/wp-content\/uploads\/2020\/09\/Guide-pour-projet-pedagogique-STP-.pdf\u00a0\u00bb name=\u00a0\u00bbGuide pour projet pedagogique STP\u00a0\u00bb nameid=\u00a0\u00bbGuide pour projet pedagogique STP602&Prime;] [ajouterweblink url=\u00a0\u00bbhttps:\/\/maternelle.education.pf\/wp-content\/uploads\/2020\/09\/guide-territorial-mission-maternelle.pdf\u00a0\u00bb name=\u00a0\u00bbGuide territorial mission maternelle\u00a0\u00bb nameid=\u00a0\u00bbGuide territorial mission maternelle9&Prime;] [ajouterweblink url=\u00a0\u00bbhttps:\/\/maternelle.education.pf\/wp-content\/uploads\/2020\/09\/Pour-directeurs-document-accompagnement-scolarisation-moins-trois-ans-reussie.pdf\u00a0\u00bb name=\u00a0\u00bbPour directeurs document accompagnement scolarisation moins trois ans reussie\u00a0\u00bb nameid=\u00a0\u00bbPour directeurs document accompagnement scolarisation moins trois ans reussie334&Prime;] [ajouterweblink url=\u00a0\u00bbhttps:\/\/maternelle.education.pf\/wp-content\/uploads\/2021\/08\/LIVRET-info-parents.pdf\u00a0\u00bb name=\u00a0\u00bbLIVRET-info-parents\u00a0\u00bb nameid=\u00a0\u00bbLIVRET-info-parents584&Prime;] [ajouterweblink url=\u00a0\u00bbhttps:\/\/maternelle.education.pf\/wp-content\/uploads\/2021\/08\/Guide-securite-amenagement-des-classes.pdf\u00a0\u00bb name=\u00a0\u00bble guide s\u00e9curit\u00e9 pour l&rsquo;am\u00e9nagement des classes de STP et SP\u00a0\u00bb nameid=\u00a0\u00bble guide s\u00e9curit\u00e9 pour l&rsquo;am\u00e9nagement des classes de STP et&#8230;<\/p>\n","protected":false},"author":7,"featured_media":0,"parent":0,"menu_order":0,"comment_status":"closed","ping_status":"closed","template":"","meta":{"_acf_changed":false,"footnotes":""},"class_list":["post-7611","page","type-page","status-publish","hentry"],"acf":[],"_links":{"self":[{"href":"https:\/\/maternelle.education.pf\/index.php\/wp-json\/wp\/v2\/pages\/7611","targetHints":{"allow":["GET"]}}],"collection":[{"href":"https:\/\/maternelle.education.pf\/index.php\/wp-json\/wp\/v2\/pages"}],"about":[{"href":"https:\/\/maternelle.education.pf\/index.php\/wp-json\/wp\/v2\/types\/page"}],"author":[{"embeddable":true,"href":"https:\/\/maternelle.education.pf\/index.php\/wp-json\/wp\/v2\/users\/7"}],"replies":[{"embeddable":true,"href":"https:\/\/maternelle.education.pf\/index.php\/wp-json\/wp\/v2\/comments?post=7611"}],"version-history":[{"count":3,"href":"https:\/\/maternelle.education.pf\/index.php\/wp-json\/wp\/v2\/pages\/7611\/revisions"}],"predecessor-version":[{"id":7779,"href":"https:\/\/maternelle.education.pf\/index.php\/wp-json\/wp\/v2\/pages\/7611\/revisions\/7779"}],"wp:attachment":[{"href":"https:\/\/maternelle.education.pf\/index.php\/wp-json\/wp\/v2\/media?parent=7611"}],"curies":[{"name":"wp","href":"https:\/\/api.w.org\/{rel}","templated":true}]}}