{"id":7603,"date":"2020-09-04T08:16:15","date_gmt":"2020-09-04T18:16:15","guid":{"rendered":"https:\/\/maternelle.education.pf\/?page_id=7603"},"modified":"2021-08-24T09:55:27","modified_gmt":"2021-08-24T19:55:27","slug":"autres-textes","status":"publish","type":"page","link":"https:\/\/maternelle.education.pf\/index.php\/autres-textes\/","title":{"rendered":"Autres textes"},"content":{"rendered":"<p>&nbsp;<\/p>\n<ul>\n<li><strong>[ajouterweblink url=\u00a0\u00bbhttps:\/\/maternelle.education.pf\/wp-content\/uploads\/2020\/09\/1-Lettre-de-rentre\u0301e-2020-2021.pdf\u00a0\u00bb name=\u00a0\u00bbLettre de rentre\u0301e 2020-2021&Prime; nameid=\u00a0\u00bbLettre de rentre\u0301e 2020-2021488&Prime;]<\/strong><\/li>\n<li><strong>[ajouterweblink url=\u00a0\u00bbhttps:\/\/maternelle.education.pf\/wp-content\/uploads\/2020\/09\/3-circulaire-41994-suivi-et-\u00e9valuation-apprentissages.pdf\u00a0\u00bb name=\u00a0\u00bbSuivi et \u00e9valuation apprentissages\u00a0\u00bb nameid=\u00a0\u00bbSuivi et \u00e9valuation apprentissages967&Prime;]<\/strong><\/li>\n<li><strong>[ajouterweblink url=\u00a0\u00bbhttps:\/\/maternelle.education.pf\/wp-content\/uploads\/2020\/09\/4-Conditions-de-s\u00e9curit\u00e9-\u00e9quipements-et-mat\u00e9riel.pdf\u00a0\u00bb name=\u00a0\u00bbConditions de s\u00e9curit\u00e9 \u00e9quipements et mat\u00e9riel\u00a0\u00bb nameid=\u00a0\u00bbConditions de s\u00e9curit\u00e9 \u00e9quipements et mat\u00e9riel567&Prime;]<\/strong><\/li>\n<li><strong>[ajouterweblink url=\u00a0\u00bbhttps:\/\/maternelle.education.pf\/wp-content\/uploads\/2021\/08\/circulaire-n41994-du160816-suivi-evaluation-apprentissages.pdf\u00a0\u00bb name=\u00a0\u00bbCirculaire N\u00b0 4199 le suivi et l&rsquo;\u00e9valuation des \u00e9l\u00e8ves en maternelle\u00a0\u00bb nameid=\u00a0\u00bbCirculaire N\u00b0 4199 le suivi et l&rsquo;\u00e9valuation des \u00e9l\u00e8ves en maternelle957&Prime;]<\/strong><\/li>\n<\/ul>\n<p>&nbsp;<\/p>\n<p>&nbsp;<\/p>\n<p>&nbsp;<\/p>\n","protected":false},"excerpt":{"rendered":"<p>&nbsp; [ajouterweblink url=\u00a0\u00bbhttps:\/\/maternelle.education.pf\/wp-content\/uploads\/2020\/09\/1-Lettre-de-rentre\u0301e-2020-2021.pdf\u00a0\u00bb name=\u00a0\u00bbLettre de rentre\u0301e 2020-2021&Prime; nameid=\u00a0\u00bbLettre de rentre\u0301e 2020-2021488&Prime;] [ajouterweblink url=\u00a0\u00bbhttps:\/\/maternelle.education.pf\/wp-content\/uploads\/2020\/09\/3-circulaire-41994-suivi-et-\u00e9valuation-apprentissages.pdf\u00a0\u00bb name=\u00a0\u00bbSuivi et \u00e9valuation apprentissages\u00a0\u00bb nameid=\u00a0\u00bbSuivi et \u00e9valuation apprentissages967&Prime;] [ajouterweblink url=\u00a0\u00bbhttps:\/\/maternelle.education.pf\/wp-content\/uploads\/2020\/09\/4-Conditions-de-s\u00e9curit\u00e9-\u00e9quipements-et-mat\u00e9riel.pdf\u00a0\u00bb name=\u00a0\u00bbConditions de s\u00e9curit\u00e9 \u00e9quipements et mat\u00e9riel\u00a0\u00bb nameid=\u00a0\u00bbConditions de s\u00e9curit\u00e9 \u00e9quipements et mat\u00e9riel567&Prime;] [ajouterweblink url=\u00a0\u00bbhttps:\/\/maternelle.education.pf\/wp-content\/uploads\/2021\/08\/circulaire-n41994-du160816-suivi-evaluation-apprentissages.pdf\u00a0\u00bb name=\u00a0\u00bbCirculaire N\u00b0 4199 le suivi et l&rsquo;\u00e9valuation des \u00e9l\u00e8ves en maternelle\u00a0\u00bb nameid=\u00a0\u00bbCirculaire N\u00b0 4199 le suivi et l&rsquo;\u00e9valuation des \u00e9l\u00e8ves en maternelle957&Prime;] &nbsp; &nbsp; &nbsp;<\/p>\n","protected":false},"author":7,"featured_media":0,"parent":0,"menu_order":0,"comment_status":"closed","ping_status":"closed","template":"","meta":{"_acf_changed":false,"footnotes":""},"class_list":["post-7603","page","type-page","status-publish","hentry"],"acf":[],"_links":{"self":[{"href":"https:\/\/maternelle.education.pf\/index.php\/wp-json\/wp\/v2\/pages\/7603","targetHints":{"allow":["GET"]}}],"collection":[{"href":"https:\/\/maternelle.education.pf\/index.php\/wp-json\/wp\/v2\/pages"}],"about":[{"href":"https:\/\/maternelle.education.pf\/index.php\/wp-json\/wp\/v2\/types\/page"}],"author":[{"embeddable":true,"href":"https:\/\/maternelle.education.pf\/index.php\/wp-json\/wp\/v2\/users\/7"}],"replies":[{"embeddable":true,"href":"https:\/\/maternelle.education.pf\/index.php\/wp-json\/wp\/v2\/comments?post=7603"}],"version-history":[{"count":5,"href":"https:\/\/maternelle.education.pf\/index.php\/wp-json\/wp\/v2\/pages\/7603\/revisions"}],"predecessor-version":[{"id":7781,"href":"https:\/\/maternelle.education.pf\/index.php\/wp-json\/wp\/v2\/pages\/7603\/revisions\/7781"}],"wp:attachment":[{"href":"https:\/\/maternelle.education.pf\/index.php\/wp-json\/wp\/v2\/media?parent=7603"}],"curies":[{"name":"wp","href":"https:\/\/api.w.org\/{rel}","templated":true}]}}