{"id":7389,"date":"2019-11-28T09:14:22","date_gmt":"2019-11-28T19:14:22","guid":{"rendered":"https:\/\/maternelle.education.pf\/?page_id=7389"},"modified":"2019-11-28T09:20:31","modified_gmt":"2019-11-28T19:20:31","slug":"circonscription-maternelle","status":"publish","type":"page","link":"https:\/\/maternelle.education.pf\/index.php\/circonscription-maternelle\/","title":{"rendered":"Circonscription Maternelle"},"content":{"rendered":"<h2 class=\"contact-position\">Secr\u00e9tariat Circonscription n\u00b013 Maternelle<\/h2>\n<div class=\"contact-address\">\n<p><span class=\"jicons-icons\"><img decoding=\"async\" src=\"http:\/\/www.maternelle.education.pf\/media\/contacts\/images\/con_address.png\" alt=\"Adresse: \" \/> <\/span><span class=\"contact-street\">BP 20673- 98713 Papeete<br \/>\nTAHITI \u2013 Polyn\u00e9sie fran\u00e7aise<\/span><span class=\"contact-suburb\">Rue Tuterai Tane (route de l\u2019hippodrome) &#8211; Pirae<\/span><span class=\"contact-state\">Tahiti<\/span><span class=\"contact-postcode\">98716<\/span><span class=\"contact-country\">Polyn\u00e9sie fran\u00e7aise<\/span><\/p>\n<\/div>\n<div class=\"contact-contactinfo\">\n<p><span class=\"jicons-icons\"><img decoding=\"async\" src=\"http:\/\/www.maternelle.education.pf\/media\/contacts\/images\/emailButton.png\" alt=\"E-mail: \" \/><\/span><span class=\"contact-emailto\"><span id=\"cloak18202\"><a href=\"mailto:cir.maternelle@education.pf\">cir.maternelle@education.pf<\/a><\/span><\/span><\/p>\n<p><span class=\"jicons-icons\"><img decoding=\"async\" src=\"http:\/\/www.maternelle.education.pf\/media\/contacts\/images\/con_tel.png\" alt=\"T\u00e9l\u00e9phone: \" \/><\/span><span class=\"contact-telephone\">689 40 46 27 18<\/span><\/p>\n<p><span class=\"jicons-icons\"><img decoding=\"async\" src=\"http:\/\/www.maternelle.education.pf\/media\/contacts\/images\/con_fax.png\" alt=\"Fax: \" \/><\/span><span class=\"contact-fax\">689 40 46 27 50<\/span><\/p>\n<p><span class=\"contact-webpage\"><a href=\"http:\/\/www.maternelle.education.pf\/\" target=\"_blank\" rel=\"noopener noreferrer\">http:\/\/www.maternelle.education.pf\/<\/a><\/span><\/p>\n<\/div>\n<h2>Formulaire\u00a0de contact<\/h2>\n<div class=\"contact-form\">\n<form id=\"contact-form\" class=\"form-validate\" action=\"http:\/\/www.maternelle.education.pf\/index.php\/component\/contact\/\" method=\"post\">\n<fieldset>\n<legend>Envoyer un e-mail. Tous les champs pr\u00e9c\u00e9d\u00e9s d&rsquo;un * sont obligatoires.<\/legend>\n<\/fieldset>\n<\/form>\n<\/div>\n\n<div class=\"wpcf7 no-js\" id=\"wpcf7-f7402-o1\" lang=\"fr-FR\" dir=\"ltr\" data-wpcf7-id=\"7402\">\n<div class=\"screen-reader-response\"><p role=\"status\" aria-live=\"polite\" aria-atomic=\"true\"><\/p> <ul><\/ul><\/div>\n<form action=\"\/index.php\/wp-json\/wp\/v2\/pages\/7389#wpcf7-f7402-o1\" method=\"post\" class=\"wpcf7-form init\" aria-label=\"Formulaire de contact\" novalidate=\"novalidate\" data-status=\"init\">\n<fieldset class=\"hidden-fields-container\"><input type=\"hidden\" name=\"_wpcf7\" value=\"7402\" \/><input type=\"hidden\" name=\"_wpcf7_version\" value=\"6.1.5\" \/><input type=\"hidden\" name=\"_wpcf7_locale\" value=\"fr_FR\" \/><input type=\"hidden\" name=\"_wpcf7_unit_tag\" value=\"wpcf7-f7402-o1\" \/><input type=\"hidden\" name=\"_wpcf7_container_post\" value=\"0\" \/><input type=\"hidden\" name=\"_wpcf7_posted_data_hash\" value=\"\" \/>\n<\/fieldset>\n<p><label> Votre nom (obligatoire)<br \/>\n<span class=\"wpcf7-form-control-wrap\" data-name=\"your-name\"><input size=\"40\" maxlength=\"400\" class=\"wpcf7-form-control wpcf7-text wpcf7-validates-as-required\" aria-required=\"true\" aria-invalid=\"false\" value=\"\" type=\"text\" name=\"your-name\" \/><\/span> <\/label>\n<\/p>\n<p><label> Votre adresse de messagerie (obligatoire)<br \/>\n<span class=\"wpcf7-form-control-wrap\" data-name=\"your-email\"><input size=\"40\" maxlength=\"400\" class=\"wpcf7-form-control wpcf7-email wpcf7-validates-as-required wpcf7-text wpcf7-validates-as-email\" aria-required=\"true\" aria-invalid=\"false\" value=\"\" type=\"email\" name=\"your-email\" \/><\/span> <\/label>\n<\/p>\n<p><label> Objet<br \/>\n<span class=\"wpcf7-form-control-wrap\" data-name=\"your-subject\"><input size=\"40\" maxlength=\"400\" class=\"wpcf7-form-control wpcf7-text\" aria-invalid=\"false\" value=\"\" type=\"text\" name=\"your-subject\" \/><\/span> <\/label>\n<\/p>\n<p><label> Votre message<br \/>\n<span class=\"wpcf7-form-control-wrap\" data-name=\"your-message\"><textarea cols=\"40\" rows=\"10\" maxlength=\"2000\" class=\"wpcf7-form-control wpcf7-textarea\" aria-invalid=\"false\" name=\"your-message\"><\/textarea><\/span> <\/label>\n<\/p>\n<p><input class=\"wpcf7-form-control wpcf7-submit has-spinner\" type=\"submit\" value=\"Envoyer\" \/>\n<\/p><p style=\"display: none !important;\" class=\"akismet-fields-container\" data-prefix=\"_wpcf7_ak_\"><label>&#916;<textarea name=\"_wpcf7_ak_hp_textarea\" cols=\"45\" rows=\"8\" maxlength=\"100\"><\/textarea><\/label><input type=\"hidden\" id=\"ak_js_1\" name=\"_wpcf7_ak_js\" value=\"124\"\/><script type=\"text\/javascript\">\n\/* <![CDATA[ *\/\ndocument.getElementById( \"ak_js_1\" ).setAttribute( \"value\", ( new Date() ).getTime() );\n\/* ]]> *\/\n<\/script>\n<\/p><div class=\"wpcf7-response-output\" aria-hidden=\"true\"><\/div>\n<\/form>\n<\/div>\n\n<p>&nbsp;<\/p>\n<h2>Informations\u00a0diverses<\/h2>\n<div class=\"contact-miscinfo\">\n<div class=\"jicons-icons\"><img decoding=\"async\" src=\"http:\/\/www.maternelle.education.pf\/media\/contacts\/images\/con_info.png\" alt=\"Informations diverses: \" \/> Madame Catherine DUMAS &#8211;\u00a0IEN Mission maternelle<\/div>\n<div class=\"contact-misc\">\n<p><a href=\"mailto:catherine.dumas@education.pf\">catherine.dumas@education.pf<\/a><\/p>\n<p>&nbsp;<\/p>\n<p><img decoding=\"async\" src=\"http:\/\/www.maternelle.education.pf\/media\/contacts\/images\/con_info.png\" alt=\"Informations diverses: \" \/> Madame Monique DOYEN &#8211; CPAIEN Circonscription n\u00b0 13<\/p>\n<p><a href=\"mailto:monique.doyen@education.pf\">monique.doyen@education.pf<\/a><\/p>\n<\/div>\n<\/div>\n","protected":false},"excerpt":{"rendered":"<p>Secr\u00e9tariat Circonscription n\u00b013 Maternelle BP 20673- 98713 Papeete TAHITI \u2013 Polyn\u00e9sie fran\u00e7aiseRue Tuterai Tane (route de l\u2019hippodrome) &#8211; PiraeTahiti98716Polyn\u00e9sie fran\u00e7aise cir.maternelle@education.pf 689 40 46 27 18 689 40 46 27 50 http:\/\/www.maternelle.education.pf\/ Formulaire\u00a0de contact Envoyer un e-mail. Tous les champs pr\u00e9c\u00e9d\u00e9s d&rsquo;un * sont obligatoires. &nbsp; Informations\u00a0diverses Madame Catherine DUMAS &#8211;\u00a0IEN Mission maternelle catherine.dumas@education.pf &nbsp; Madame Monique DOYEN &#8211; CPAIEN Circonscription n\u00b0 13 monique.doyen@education.pf<\/p>\n","protected":false},"author":7,"featured_media":0,"parent":0,"menu_order":0,"comment_status":"closed","ping_status":"closed","template":"","meta":{"_acf_changed":false,"footnotes":""},"class_list":["post-7389","page","type-page","status-publish","hentry"],"acf":[],"_links":{"self":[{"href":"https:\/\/maternelle.education.pf\/index.php\/wp-json\/wp\/v2\/pages\/7389","targetHints":{"allow":["GET"]}}],"collection":[{"href":"https:\/\/maternelle.education.pf\/index.php\/wp-json\/wp\/v2\/pages"}],"about":[{"href":"https:\/\/maternelle.education.pf\/index.php\/wp-json\/wp\/v2\/types\/page"}],"author":[{"embeddable":true,"href":"https:\/\/maternelle.education.pf\/index.php\/wp-json\/wp\/v2\/users\/7"}],"replies":[{"embeddable":true,"href":"https:\/\/maternelle.education.pf\/index.php\/wp-json\/wp\/v2\/comments?post=7389"}],"version-history":[{"count":4,"href":"https:\/\/maternelle.education.pf\/index.php\/wp-json\/wp\/v2\/pages\/7389\/revisions"}],"predecessor-version":[{"id":7403,"href":"https:\/\/maternelle.education.pf\/index.php\/wp-json\/wp\/v2\/pages\/7389\/revisions\/7403"}],"wp:attachment":[{"href":"https:\/\/maternelle.education.pf\/index.php\/wp-json\/wp\/v2\/media?parent=7389"}],"curies":[{"name":"wp","href":"https:\/\/api.w.org\/{rel}","templated":true}]}}