{"id":7312,"date":"2019-11-27T16:08:54","date_gmt":"2019-11-28T02:08:54","guid":{"rendered":"https:\/\/maternelle.education.pf\/?page_id=7312"},"modified":"2019-11-27T16:08:54","modified_gmt":"2019-11-28T02:08:54","slug":"formulaire-droits-a-limage","status":"publish","type":"page","link":"https:\/\/maternelle.education.pf\/index.php\/formulaire-droits-a-limage\/","title":{"rendered":"Formulaire \u00ab\u00a0Droits \u00e0 l&rsquo;image\u00a0\u00bb"},"content":{"rendered":"<p><strong>ATTENTION &#8211;\u00a0<\/strong><strong>Tr\u00e8s important<\/strong>\u00a0:<\/p>\n<p>Dans le cadre de la\u00a0<strong>Semaine de l&rsquo;\u00e9cole maternelle<\/strong>, je vous demande d&rsquo;\u00eatre vigilants concernant les droits \u00e0 l&rsquo;image, aux voix et aux productions de vos \u00e9l\u00e8ves, des enfants et de leurs parents pour une \u00e9ventuelle mise en ligne, blog ou toute autre forme de publication sur internet.<\/p>\n<p>Avant toute publication d&rsquo;une photo, sous forme papier ou \u00e9lectronique, vous devez obtenir l&rsquo;autorisation de diffusion de la personne concern\u00e9e.<\/p>\n<p>Voici le formulaire correspondant qui a \u00e9t\u00e9 valid\u00e9 par la cellule juridique de la DGEE :<\/p>\n<p><a href=\"https:\/\/maternelle.education.pf\/wp-content\/uploads\/2019\/11\/BAJ-formulaire-droits-image.doc\" target=\"_blank\" rel=\"noopener noreferrer\">BAJ Formulaire Droits \u00e0 l&rsquo;image<\/a><\/p>\n","protected":false},"excerpt":{"rendered":"<p>ATTENTION &#8211;\u00a0Tr\u00e8s important\u00a0: Dans le cadre de la\u00a0Semaine de l&rsquo;\u00e9cole maternelle, je vous demande d&rsquo;\u00eatre vigilants concernant les droits \u00e0 l&rsquo;image, aux voix et aux productions de vos \u00e9l\u00e8ves, des enfants et de leurs parents pour une \u00e9ventuelle mise en ligne, blog ou toute autre forme de publication sur internet. Avant toute publication d&rsquo;une photo, sous forme papier ou \u00e9lectronique, vous devez obtenir l&rsquo;autorisation de diffusion de la personne concern\u00e9e&#8230;.<\/p>\n","protected":false},"author":7,"featured_media":0,"parent":0,"menu_order":0,"comment_status":"closed","ping_status":"closed","template":"","meta":{"_acf_changed":false,"footnotes":""},"class_list":["post-7312","page","type-page","status-publish","hentry"],"acf":[],"_links":{"self":[{"href":"https:\/\/maternelle.education.pf\/index.php\/wp-json\/wp\/v2\/pages\/7312","targetHints":{"allow":["GET"]}}],"collection":[{"href":"https:\/\/maternelle.education.pf\/index.php\/wp-json\/wp\/v2\/pages"}],"about":[{"href":"https:\/\/maternelle.education.pf\/index.php\/wp-json\/wp\/v2\/types\/page"}],"author":[{"embeddable":true,"href":"https:\/\/maternelle.education.pf\/index.php\/wp-json\/wp\/v2\/users\/7"}],"replies":[{"embeddable":true,"href":"https:\/\/maternelle.education.pf\/index.php\/wp-json\/wp\/v2\/comments?post=7312"}],"version-history":[{"count":1,"href":"https:\/\/maternelle.education.pf\/index.php\/wp-json\/wp\/v2\/pages\/7312\/revisions"}],"predecessor-version":[{"id":7314,"href":"https:\/\/maternelle.education.pf\/index.php\/wp-json\/wp\/v2\/pages\/7312\/revisions\/7314"}],"wp:attachment":[{"href":"https:\/\/maternelle.education.pf\/index.php\/wp-json\/wp\/v2\/media?parent=7312"}],"curies":[{"name":"wp","href":"https:\/\/api.w.org\/{rel}","templated":true}]}}