{"id":7304,"date":"2019-11-27T16:05:49","date_gmt":"2019-11-28T02:05:49","guid":{"rendered":"https:\/\/maternelle.education.pf\/?page_id=7304"},"modified":"2024-02-10T09:44:59","modified_gmt":"2024-02-10T19:44:59","slug":"composition-de-mission-maternelle","status":"publish","type":"page","link":"https:\/\/maternelle.education.pf\/index.php\/composition-de-mission-maternelle\/","title":{"rendered":"Composition de la mission Maternelle"},"content":{"rendered":"<ul>\n<li class=\"cvGsUA direction-ltr align-start para-style-body\"><span class=\"OYPEnA text-decoration-none text-strikethrough-none\">Manuarii DOOM (CPAIEN C12)<\/span><\/li>\n<li class=\"cvGsUA direction-ltr align-start para-style-body\"><span class=\"OYPEnA text-decoration-none text-strikethrough-none\">Meily DUCHENE (CPAIEN C3)<\/span><\/li>\n<li class=\"cvGsUA direction-ltr align-start para-style-body\"><span class=\"OYPEnA text-decoration-none text-strikethrough-none\">Leila FAAHU (CPAIEN C8)<\/span><\/li>\n<li class=\"cvGsUA direction-ltr align-start para-style-body\"><span class=\"OYPEnA text-decoration-none text-strikethrough-none\">No\u00eblle FAAHU-VAKI (Directrice C4)<\/span><\/li>\n<li class=\"cvGsUA direction-ltr align-start para-style-body\"><span class=\"OYPEnA text-decoration-none text-strikethrough-none\">Eva JANNON (CPAIEN C4)<\/span><\/li>\n<li class=\"cvGsUA direction-ltr align-start para-style-body\"><span class=\"OYPEnA text-decoration-none text-strikethrough-none\">Ang\u00e9la LANDE (Directrice C1)<\/span><\/li>\n<li class=\"cvGsUA direction-ltr align-start para-style-body\"><span class=\"OYPEnA text-decoration-none text-strikethrough-none\">Heimata LEMAIRE (INSPE)<\/span><\/li>\n<li class=\"cvGsUA direction-ltr align-start para-style-body\"><span class=\"OYPEnA text-decoration-none text-strikethrough-none\">C\u00e9cile LENOIR (Directrice C8)<\/span><\/li>\n<li class=\"cvGsUA direction-ltr align-start para-style-body\"><span class=\"OYPEnA text-decoration-none text-strikethrough-none\">Temahea LITCHLE (Directrice C7)<\/span><\/li>\n<li class=\"cvGsUA direction-ltr align-start para-style-body\"><span class=\"OYPEnA text-decoration-none text-strikethrough-none\">Hinarava MATOHI (CPAIEN C1)<\/span><\/li>\n<li class=\"cvGsUA direction-ltr align-start para-style-body\"><span class=\"OYPEnA text-decoration-none text-strikethrough-none\">Erieta NOBLET (Directrice C7)<\/span><\/li>\n<li class=\"cvGsUA direction-ltr align-start para-style-body\"><span class=\"OYPEnA text-decoration-none text-strikethrough-none\">Sabrina PAQUIER-GREIG (CPAIEN C9)<\/span><\/li>\n<li class=\"cvGsUA direction-ltr align-start para-style-body\"><span class=\"OYPEnA text-decoration-none text-strikethrough-none\">Anne PARZY (CPAIEN C7)<\/span><\/li>\n<li class=\"cvGsUA direction-ltr align-start para-style-body\"><span class=\"OYPEnA text-decoration-none text-strikethrough-none\">Maeva PURAGA (ER C6)<\/span><\/li>\n<li class=\"cvGsUA direction-ltr align-start para-style-body\"><span class=\"OYPEnA text-decoration-none text-strikethrough-none\">Heitaina REY (Directrice C3)<\/span><\/li>\n<li class=\"cvGsUA direction-ltr align-start para-style-body\"><span class=\"OYPEnA text-decoration-none text-strikethrough-none\">Tauhiti TAMU (CPAIEN C6)<\/span><\/li>\n<li class=\"cvGsUA direction-ltr align-start para-style-body\"><span class=\"OYPEnA text-decoration-none text-strikethrough-none\">Mireille TEVARIA (Directrice C5)<\/span><\/li>\n<li class=\"cvGsUA direction-ltr align-start para-style-body\"><span class=\"OYPEnA text-decoration-none text-strikethrough-none\">Rosane VAIHO (Directrice C2)<\/span><\/li>\n<li class=\"cvGsUA direction-ltr align-start para-style-body\"><span class=\"OYPEnA text-decoration-none text-strikethrough-none\">D\u00e9ana WONG (CPAIEN C8)<\/span><\/li>\n<li class=\"cvGsUA direction-ltr align-start para-style-body\"><span class=\"OYPEnA text-decoration-none text-strikethrough-none\">Clarisse YAU (Directrice C7)<\/span><\/li>\n<\/ul>\n","protected":false},"excerpt":{"rendered":"<p>Manuarii DOOM (CPAIEN C12) Meily DUCHENE (CPAIEN C3) Leila FAAHU (CPAIEN C8) No\u00eblle FAAHU-VAKI (Directrice C4) Eva JANNON (CPAIEN C4) Ang\u00e9la LANDE (Directrice C1) Heimata LEMAIRE (INSPE) C\u00e9cile LENOIR (Directrice C8) Temahea LITCHLE (Directrice C7) Hinarava MATOHI (CPAIEN C1) Erieta NOBLET (Directrice C7) Sabrina PAQUIER-GREIG (CPAIEN C9) Anne PARZY (CPAIEN C7) Maeva PURAGA (ER C6) Heitaina REY (Directrice C3) Tauhiti TAMU (CPAIEN C6) Mireille TEVARIA (Directrice C5) Rosane VAIHO (Directrice&#8230;<\/p>\n","protected":false},"author":7,"featured_media":0,"parent":0,"menu_order":0,"comment_status":"closed","ping_status":"closed","template":"","meta":{"_acf_changed":false,"footnotes":""},"class_list":["post-7304","page","type-page","status-publish","hentry"],"acf":[],"_links":{"self":[{"href":"https:\/\/maternelle.education.pf\/index.php\/wp-json\/wp\/v2\/pages\/7304","targetHints":{"allow":["GET"]}}],"collection":[{"href":"https:\/\/maternelle.education.pf\/index.php\/wp-json\/wp\/v2\/pages"}],"about":[{"href":"https:\/\/maternelle.education.pf\/index.php\/wp-json\/wp\/v2\/types\/page"}],"author":[{"embeddable":true,"href":"https:\/\/maternelle.education.pf\/index.php\/wp-json\/wp\/v2\/users\/7"}],"replies":[{"embeddable":true,"href":"https:\/\/maternelle.education.pf\/index.php\/wp-json\/wp\/v2\/comments?post=7304"}],"version-history":[{"count":4,"href":"https:\/\/maternelle.education.pf\/index.php\/wp-json\/wp\/v2\/pages\/7304\/revisions"}],"predecessor-version":[{"id":8011,"href":"https:\/\/maternelle.education.pf\/index.php\/wp-json\/wp\/v2\/pages\/7304\/revisions\/8011"}],"wp:attachment":[{"href":"https:\/\/maternelle.education.pf\/index.php\/wp-json\/wp\/v2\/media?parent=7304"}],"curies":[{"name":"wp","href":"https:\/\/api.w.org\/{rel}","templated":true}]}}